{"id":43428,"date":"2024-12-17T12:21:55","date_gmt":"2024-12-17T11:21:55","guid":{"rendered":"https:\/\/www.sorre.fr\/mentions-legales\/"},"modified":"2025-03-25T10:43:12","modified_gmt":"2025-03-25T09:43:12","slug":"terms-of-use","status":"publish","type":"page","link":"https:\/\/www.sorre.fr\/en\/terms-of-use\/","title":{"rendered":"Terms of use"},"content":{"rendered":"\n<section class=\"wp-block-group page-one is-layout-flow wp-block-group-is-layout-flow\" style=\"margin-top:var(--wp--preset--spacing--50);margin-bottom:0\">\n<h1 class=\"wp-block-heading has-text-align-center\" style=\"margin-bottom:0px\">Legal <br\/> <\/h1>\n<\/section>\n\n<section class=\"wp-block-group home-third page-two reverse is-layout-flow wp-block-group-is-layout-flow\" style=\"margin-bottom:var(--wp--preset--spacing--50);padding-top:0;padding-right:var(--wp--preset--spacing--60);padding-bottom:0;padding-left:var(--wp--preset--spacing--60)\">\n<div class=\"wp-block-columns is-layout-flex wp-container-core-columns-is-layout-28f84493 wp-block-columns-is-layout-flex\">\n<div class=\"wp-block-column is-layout-flow wp-block-column-is-layout-flow\" style=\"flex-basis:50%\">\n<div class=\"wp-block-group right has-global-padding is-content-justification-left is-layout-constrained wp-container-core-group-is-layout-12dd3699 wp-block-group-is-layout-constrained\">\n<div class=\"wp-block-group h2-container has-global-padding is-layout-constrained wp-block-group-is-layout-constrained\">\n<h2 class=\"wp-block-heading has-base-2-background-color has-background\" style=\"padding-top:var(--wp--preset--spacing--50);padding-right:var(--wp--preset--spacing--10);padding-bottom:var(--wp--preset--spacing--40);padding-left:0\"><span> Site<\/span> manager<\/h2>\n<\/div>\n\n\n\n<p><strong>Sorr\u00e9<\/strong><br\/>Address: Route de Valras-Plage 34410 S\u00e9rignan Valras Plage<br\/>Tel: 04 67 39 75 88<br\/>E-mail: info@sorre.fr<br\/>SIRET: 44893868800042<br\/>TVA intracommunautaire: FR79448938688<br\/>Publication manager: Sophie DELFIEU<\/p>\n<\/div>\n<\/div>\n\n\n\n<div class=\"wp-block-column is-layout-flow wp-block-column-is-layout-flow\">\n<div class=\"wp-block-group h2-container has-global-padding is-layout-constrained wp-container-core-group-is-layout-48dbd97c wp-block-group-is-layout-constrained\" style=\"padding-right:0px;padding-left:0px\">\n<h2 class=\"wp-block-heading has-base-2-background-color has-background\" style=\"padding-top:var(--wp--preset--spacing--50);padding-right:var(--wp--preset--spacing--10);padding-bottom:var(--wp--preset--spacing--40);padding-left:0\"><span> Site<\/span> realization<\/h2>\n<\/div>\n\n\n\n<p><strong>GEEK TONIC<\/strong><br\/>Represented by Mr Yohan Darmayan in his capacity as Managing Director<br\/>Registered office: 50 AV. DU LAC MARION 64200 BIARRITZ<br\/>Tel: 05 32 74 11 52<br\/>E-mail: support@geek-tonic.com<br\/>Website: <a href=\"https:\/\/www.geek-tonic.com\/\" target=\"_blank\" rel=\"noreferrer noopener\">www.geek-tonic.com<\/a><br\/>SIRET: 89746755100015<br\/>APE: 6201Z <\/p>\n<\/div>\n<\/div>\n\n\n\n<div class=\"wp-block-columns is-layout-flex wp-container-core-columns-is-layout-28f84493 wp-block-columns-is-layout-flex\">\n<div class=\"wp-block-column is-layout-flow wp-block-column-is-layout-flow\">\n<div class=\"wp-block-group h2-container has-global-padding is-layout-constrained wp-container-core-group-is-layout-2fcfeb32 wp-block-group-is-layout-constrained\" style=\"padding-left:0px\">\n<h2 class=\"wp-block-heading has-base-2-background-color has-background\" style=\"padding-top:var(--wp--preset--spacing--50);padding-right:var(--wp--preset--spacing--10);padding-bottom:0;padding-left:0\"><span> Copyrights<\/span><\/h2>\n<\/div>\n\n\n\n<p>The entire content of this site is subject to copyright and intellectual property rights under French law. Any reproduction (including photos, icons and downloadable documents) is prohibited without the prior consent of Sorr\u00e9. Reproduction on electronic media of all or part of the site in paper or electronic format is prohibited. Sorr\u00e9 declines all responsibility for the content of the website. Sorr\u00e9 also declines all responsibility for external links pointing to this site.<\/p>\n\n\n\n<div class=\"wp-block-group h2-container has-global-padding is-layout-constrained wp-container-core-group-is-layout-2fcfeb32 wp-block-group-is-layout-constrained\" style=\"padding-left:0px\">\n<h2 class=\"wp-block-heading has-base-2-background-color has-background\" style=\"padding-top:var(--wp--preset--spacing--50);padding-right:var(--wp--preset--spacing--10);padding-bottom:0;padding-left:0\">Personal data and<span> nominative information<\/span><\/h2>\n<\/div>\n\n\n\n<p>You have the right to access, modify, rectify and delete data concerning you in accordance with Article 34 of the French Data Protection Act (Loi &#8221; Informatique et Libert\u00e9s &#8221; n\u00b0 78-17 du 6 janvier 1978, modified on August 6, 2018). To exercise your right of access, simply send a written request to the site editor.<\/p>\n\n\n\n<div class=\"wp-block-group h2-container has-global-padding is-layout-constrained wp-container-core-group-is-layout-2fcfeb32 wp-block-group-is-layout-constrained\" style=\"padding-left:0px\">\n<h2 class=\"wp-block-heading has-base-2-background-color has-background\" style=\"padding-top:var(--wp--preset--spacing--50);padding-right:var(--wp--preset--spacing--10);padding-bottom:0;padding-left:0\">Legislation<\/h2>\n<\/div>\n\n\n\n<p>In accordance with the law of March 11, 1957 (art. 41) and the intellectual property code of July 1, 1992, it is forbidden to reproduce any part of the site in whole or in part without prior authorization from the site editor. Logos, visuals, photos, videos, graphic charts and texts are the property of their respective owners. This site may be linked to other sites through hyperlinks. The site editor declines all responsibility for the information presented on these other sites. The Internet user acknowledges that use of this site is governed by French law.<\/p>\n<\/div>\n<\/div>\n<\/section>\n","protected":false},"excerpt":{"rendered":"<p>Legal Site manager Sorr\u00e9Address: Route de Valras-Plage 34410 S\u00e9rignan Valras PlageTel: 04 67 39 75 88E-mail: info@sorre.frSIRET: 44893868800042TVA intracommunautaire: FR79448938688Publication manager: Sophie DELFIEU Site realization GEEK TONICRepresented by Mr Yohan Darmayan in his capacity as Managing DirectorRegistered office: 50 AV. DU LAC MARION 64200 BIARRITZTel: 05 32 74 11 52E-mail: support@geek-tonic.comWebsite: www.geek-tonic.comSIRET: 89746755100015APE: 6201Z Copyrights [&hellip;]<\/p>\n","protected":false},"author":1,"featured_media":1339,"parent":0,"menu_order":0,"comment_status":"closed","ping_status":"closed","template":"","meta":{"_acf_changed":false,"_seopress_robots_primary_cat":"","_seopress_titles_title":"","_seopress_titles_desc":"","_seopress_robots_index":"yes","inline_featured_image":false,"gt_fse_maillage_image":"https:\/\/www.sorre.fr\/wp-content\/uploads\/2024\/12\/mas-des-lavandes-2.webp","gt_fse_maillage_titre":"Brouillon auto","gt_fse_maillage_alt":"Terms of use","gt_fse_maillage_resume":"","footnotes":""},"categories":[],"tags":[],"class_list":["post-43428","page","type-page","status-publish","has-post-thumbnail","hentry"],"acf":[],"_links":{"self":[{"href":"https:\/\/www.sorre.fr\/en\/wp-json\/wp\/v2\/pages\/43428","targetHints":{"allow":["GET"]}}],"collection":[{"href":"https:\/\/www.sorre.fr\/en\/wp-json\/wp\/v2\/pages"}],"about":[{"href":"https:\/\/www.sorre.fr\/en\/wp-json\/wp\/v2\/types\/page"}],"author":[{"embeddable":true,"href":"https:\/\/www.sorre.fr\/en\/wp-json\/wp\/v2\/users\/1"}],"replies":[{"embeddable":true,"href":"https:\/\/www.sorre.fr\/en\/wp-json\/wp\/v2\/comments?post=43428"}],"version-history":[{"count":3,"href":"https:\/\/www.sorre.fr\/en\/wp-json\/wp\/v2\/pages\/43428\/revisions"}],"predecessor-version":[{"id":72632,"href":"https:\/\/www.sorre.fr\/en\/wp-json\/wp\/v2\/pages\/43428\/revisions\/72632"}],"wp:featuredmedia":[{"embeddable":true,"href":"https:\/\/www.sorre.fr\/en\/wp-json\/wp\/v2\/media\/1339"}],"wp:attachment":[{"href":"https:\/\/www.sorre.fr\/en\/wp-json\/wp\/v2\/media?parent=43428"}],"wp:term":[{"taxonomy":"category","embeddable":true,"href":"https:\/\/www.sorre.fr\/en\/wp-json\/wp\/v2\/categories?post=43428"},{"taxonomy":"post_tag","embeddable":true,"href":"https:\/\/www.sorre.fr\/en\/wp-json\/wp\/v2\/tags?post=43428"}],"curies":[{"name":"wp","href":"https:\/\/api.w.org\/{rel}","templated":true}]}}